{"id":461,"date":"2018-10-22T04:05:04","date_gmt":"2018-10-22T04:05:04","guid":{"rendered":"https:\/\/customifysites.com\/outfit\/?page_id=461"},"modified":"2022-06-12T08:33:00","modified_gmt":"2022-06-12T08:33:00","slug":"contact-us","status":"publish","type":"page","link":"https:\/\/nemoland.eu\/hu\/contact-us\/","title":{"rendered":"Kapcsolat"},"content":{"rendered":"<div data-elementor-type=\"wp-post\" data-elementor-id=\"461\" class=\"elementor elementor-461\" data-elementor-post-type=\"page\">\n\t\t\t\t\t\t<section class=\"elementor-section elementor-top-section elementor-element elementor-element-c96abe9 elementor-section-boxed elementor-section-height-default elementor-section-height-default\" data-id=\"c96abe9\" data-element_type=\"section\" data-settings=\"{&quot;background_background&quot;:&quot;classic&quot;}\">\n\t\t\t\t\t\t\t<div class=\"elementor-background-overlay\"><\/div>\n\t\t\t\t\t\t\t<div class=\"elementor-container elementor-column-gap-default\">\n\t\t\t\t\t<div class=\"elementor-column elementor-col-100 elementor-top-column elementor-element elementor-element-4d2559df\" data-id=\"4d2559df\" data-element_type=\"column\">\n\t\t\t<div class=\"elementor-widget-wrap elementor-element-populated\">\n\t\t\t\t\t\t<div class=\"elementor-element elementor-element-99d1fb5 elementor-widget elementor-widget-heading\" data-id=\"99d1fb5\" data-element_type=\"widget\" data-widget_type=\"heading.default\">\n\t\t\t\t<div class=\"elementor-widget-container\">\n\t\t\t\t\t<h1 class=\"elementor-heading-title elementor-size-default\">Ha \u00d6n Gy\u0171jt\u0151 \/ M\u0171v\u00e9sz \/ Alkot\u00f3, \u00e9s \u00e9rdekl\u0151dik a NemoLand \u00e1ltal k\u00edn\u00e1lt lehet\u0151s\u00e9gek ir\u00e1nt, vagy csak k\u00e9rd\u00e9se van, k\u00e9rj\u00fck, l\u00e9pjen kapcsolatba vel\u00fcnk az al\u00e1bbi \u0171rlap kit\u00f6lt\u00e9s\u00e9vel:<\/h1>\t\t\t\t<\/div>\n\t\t\t\t<\/div>\n\t\t\t\t<div class=\"elementor-element elementor-element-e293070 elementor-widget elementor-widget-spacer\" data-id=\"e293070\" data-element_type=\"widget\" data-widget_type=\"spacer.default\">\n\t\t\t\t<div class=\"elementor-widget-container\">\n\t\t\t\t\t\t\t<div class=\"elementor-spacer\">\n\t\t\t<div class=\"elementor-spacer-inner\"><\/div>\n\t\t<\/div>\n\t\t\t\t\t\t<\/div>\n\t\t\t\t<\/div>\n\t\t\t\t<div class=\"elementor-element elementor-element-2163924 elementor-widget elementor-widget-wpforms\" data-id=\"2163924\" data-element_type=\"widget\" data-widget_type=\"wpforms.default\">\n\t\t\t\t<div class=\"elementor-widget-container\">\n\t\t\t\t\t<div class=\"wpforms-container wpforms-container-full\" id=\"wpforms-1089\"><form id=\"wpforms-form-1089\" class=\"wpforms-validate wpforms-form wpforms-ajax-form\" data-formid=\"1089\" method=\"post\" enctype=\"multipart\/form-data\" action=\"\/hu\/wp-json\/wp\/v2\/pages\/461\" data-token=\"83a9b8f945a08b68df759bb96c6278e4\" data-token-time=\"1778853937\" data-trp-original-action=\"\/hu\/wp-json\/wp\/v2\/pages\/461\"><noscript class=\"wpforms-error-noscript\">Please enable JavaScript in your browser to complete this form.<\/noscript><div class=\"wpforms-field-container\"><div id=\"wpforms-1089-field_0-container\" class=\"wpforms-field wpforms-field-name\" data-field-id=\"0\"><label class=\"wpforms-field-label\">N\u00e9v <span class=\"wpforms-required-label\">*<\/span><\/label><div class=\"wpforms-field-row wpforms-field-medium\"><div class=\"wpforms-field-row-block wpforms-first wpforms-one-half\"><input type=\"text\" id=\"wpforms-1089-field_0\" class=\"wpforms-field-name-first wpforms-field-required\" name=\"wpforms[fields][0][first]\" required><label for=\"wpforms-1089-field_0\" class=\"wpforms-field-sublabel after\">First<\/label><\/div><div class=\"wpforms-field-row-block wpforms-one-half\"><input type=\"text\" id=\"wpforms-1089-field_0-last\" class=\"wpforms-field-name-last wpforms-field-required\" name=\"wpforms[fields][0][last]\" required><label for=\"wpforms-1089-field_0-last\" class=\"wpforms-field-sublabel after\">Last<\/label><\/div><\/div><\/div><div id=\"wpforms-1089-field_1-container\" class=\"wpforms-field wpforms-field-email\" data-field-id=\"1\"><label class=\"wpforms-field-label\" for=\"wpforms-1089-field_1\">Email <span class=\"wpforms-required-label\">*<\/span><\/label><input type=\"email\" id=\"wpforms-1089-field_1\" class=\"wpforms-field-medium wpforms-field-required\" name=\"wpforms[fields][1]\" spellcheck=\"false\" required><\/div><div id=\"wpforms-1089-field_2-container\" class=\"wpforms-field wpforms-field-textarea\" data-field-id=\"2\"><label class=\"wpforms-field-label\" for=\"wpforms-1089-field_2\">\u00dczenet <span class=\"wpforms-required-label\">*<\/span><\/label><textarea id=\"wpforms-1089-field_2\" class=\"wpforms-field-medium wpforms-field-required\" name=\"wpforms[fields][2]\" required><\/textarea><\/div><\/div><!-- .wpforms-field-container -->\r\n\t\t\t<script>\r\n\t\t\tif ( typeof huOptions !== 'undefined' ) {\r\n\t\t\t\tvar huFormData = {\"source\":\"wpforms\",\"id\":1089,\"title\":\"Contact Form\",\"fields\":{\"subject\":{\"first_name\":\"\",\"last_name\":\"\"}}};\r\n\t\t\t\tvar huFormNode = document.querySelector( '[id=\"wpforms-1089\"] form' );\r\n\r\n\t\t\t\tvar firstName = huFormNode.querySelector( 'input.wpforms-field-name-first' );\r\n\t\t\t\tvar lastName = huFormNode.querySelector( 'input.wpforms-field-name-last' );\r\n\r\n\t\t\t\tif ( firstName )\r\n\t\t\t\t\thuFormData['fields']['subject']['first_name'] = firstName.getAttribute( 'name' );\r\n\r\n\t\t\t\tif ( lastName )\r\n\t\t\t\t\thuFormData['fields']['subject']['last_name'] = lastName.getAttribute( 'name' );\r\n\r\n\t\t\t\thuFormData['node'] = huFormNode;\r\n\t\t\t\thuOptions['forms'].push( huFormData );\r\n\t\t\t}\r\n\t\t\t<\/script><div class=\"wpforms-recaptcha-container wpforms-is-recaptcha wpforms-is-recaptcha-type-invisible\" ><div class=\"g-recaptcha\" data-sitekey=\"6LcynCwdAAAAAOkrb3OOKwxTQdiWnagzoqTiTSyl\" data-size=\"invisible\"><\/div><\/div><div class=\"wpforms-submit-container\" ><input type=\"hidden\" name=\"wpforms[id]\" value=\"1089\"><input type=\"hidden\" name=\"page_title\" value=\"\"><input type=\"hidden\" name=\"page_url\" value=\"https:\/\/nemoland.eu\/hu\/wp-json\/wp\/v2\/pages\/461\"><input type=\"hidden\" name=\"url_referer\" value=\"\"><button type=\"submit\" name=\"wpforms[submit]\" id=\"wpforms-submit-1089\" class=\"wpforms-submit\" data-alt-text=\"Sending...\" data-submit-text=\"Submit\" aria-live=\"assertive\" value=\"wpforms-submit\">K\u00fcld\u00e9s<\/button><img decoding=\"async\" src=\"https:\/\/nemoland.eu\/wp-content\/plugins\/wpforms-lite\/assets\/images\/submit-spin.svg\" class=\"wpforms-submit-spinner\" style=\"display: none;\" width=\"26\" height=\"26\" alt=\"Loading\"><\/div><input type=\"hidden\" name=\"trp-form-language\" value=\"hu\"\/><\/form><\/div>  <!-- .wpforms-container -->\t\t\t\t<\/div>\n\t\t\t\t<\/div>\n\t\t\t\t\t<\/div>\n\t\t<\/div>\n\t\t\t\t\t<\/div>\n\t\t<\/section>\n\t\t\t\t<\/div>","protected":false},"excerpt":{"rendered":"<p>Always connected and happy to help!<\/p>","protected":false},"author":1,"featured_media":0,"parent":0,"menu_order":0,"comment_status":"closed","ping_status":"closed","template":"","meta":{"_monsterinsights_skip_tracking":false,"_monsterinsights_sitenote_active":false,"_monsterinsights_sitenote_note":"","_monsterinsights_sitenote_category":0,"ngg_post_thumbnail":0,"footnotes":""},"class_list":["post-461","page","type-page","status-publish","hentry"],"yoast_head":"<!-- This site is optimized with the Yoast SEO plugin v26.0 - https:\/\/yoast.com\/wordpress\/plugins\/seo\/ -->\n<title>Contact Us - NemoLand<\/title>\n<meta name=\"robots\" content=\"index, follow, max-snippet:-1, max-image-preview:large, max-video-preview:-1\" \/>\n<link rel=\"canonical\" href=\"https:\/\/nemoland.eu\/hu\/contact-us\/\" \/>\n<meta property=\"og:locale\" content=\"hu_HU\" \/>\n<meta property=\"og:type\" content=\"article\" \/>\n<meta property=\"og:title\" content=\"Contact Us - NemoLand\" \/>\n<meta property=\"og:description\" content=\"Always connected and happy to help!\" \/>\n<meta property=\"og:url\" content=\"https:\/\/nemoland.eu\/hu\/contact-us\/\" \/>\n<meta property=\"og:site_name\" content=\"NemoLand\" \/>\n<meta property=\"article:modified_time\" content=\"2022-06-12T08:33:00+00:00\" \/>\n<meta name=\"twitter:card\" content=\"summary_large_image\" \/>\n<meta name=\"twitter:site\" content=\"@NemoLand_NFT\" \/>\n<meta name=\"twitter:label1\" content=\"Becs\u00fclt olvas\u00e1si id\u0151\" \/>\n\t<meta name=\"twitter:data1\" content=\"1 perc\" \/>\n<script type=\"application\/ld+json\" class=\"yoast-schema-graph\">{\"@context\":\"https:\/\/schema.org\",\"@graph\":[{\"@type\":\"WebPage\",\"@id\":\"https:\/\/nemoland.eu\/contact-us\/\",\"url\":\"https:\/\/nemoland.eu\/contact-us\/\",\"name\":\"Contact Us - NemoLand\",\"isPartOf\":{\"@id\":\"https:\/\/nemoland.eu\/#website\"},\"datePublished\":\"2018-10-22T04:05:04+00:00\",\"dateModified\":\"2022-06-12T08:33:00+00:00\",\"breadcrumb\":{\"@id\":\"https:\/\/nemoland.eu\/contact-us\/#breadcrumb\"},\"inLanguage\":\"hu\",\"potentialAction\":[{\"@type\":\"ReadAction\",\"target\":[\"https:\/\/nemoland.eu\/contact-us\/\"]}]},{\"@type\":\"BreadcrumbList\",\"@id\":\"https:\/\/nemoland.eu\/contact-us\/#breadcrumb\",\"itemListElement\":[{\"@type\":\"ListItem\",\"position\":1,\"name\":\"Home\",\"item\":\"https:\/\/nemoland.eu\/\"},{\"@type\":\"ListItem\",\"position\":2,\"name\":\"Contact Us\"}]},{\"@type\":\"WebSite\",\"@id\":\"https:\/\/nemoland.eu\/#website\",\"url\":\"https:\/\/nemoland.eu\/\",\"name\":\"NemoLand\",\"description\":\"Private Collections - NFT Gallery\",\"publisher\":{\"@id\":\"https:\/\/nemoland.eu\/#organization\"},\"potentialAction\":[{\"@type\":\"SearchAction\",\"target\":{\"@type\":\"EntryPoint\",\"urlTemplate\":\"https:\/\/nemoland.eu\/?s={search_term_string}\"},\"query-input\":{\"@type\":\"PropertyValueSpecification\",\"valueRequired\":true,\"valueName\":\"search_term_string\"}}],\"inLanguage\":\"hu\"},{\"@type\":\"Organization\",\"@id\":\"https:\/\/nemoland.eu\/#organization\",\"name\":\"NemoLand\",\"url\":\"https:\/\/nemoland.eu\/\",\"logo\":{\"@type\":\"ImageObject\",\"inLanguage\":\"hu\",\"@id\":\"https:\/\/nemoland.eu\/#\/schema\/logo\/image\/\",\"url\":\"https:\/\/nemoland.eu\/wp-content\/uploads\/2021\/10\/Wordpress.png\",\"contentUrl\":\"https:\/\/nemoland.eu\/wp-content\/uploads\/2021\/10\/Wordpress.png\",\"width\":512,\"height\":512,\"caption\":\"NemoLand\"},\"image\":{\"@id\":\"https:\/\/nemoland.eu\/#\/schema\/logo\/image\/\"},\"sameAs\":[\"https:\/\/x.com\/NemoLand_NFT\"]}]}<\/script>\n<!-- \/ Yoast SEO plugin. -->","yoast_head_json":{"title":"Contact Us - NemoLand","robots":{"index":"index","follow":"follow","max-snippet":"max-snippet:-1","max-image-preview":"max-image-preview:large","max-video-preview":"max-video-preview:-1"},"canonical":"https:\/\/nemoland.eu\/hu\/contact-us\/","og_locale":"hu_HU","og_type":"article","og_title":"Contact Us - NemoLand","og_description":"Always connected and happy to help!","og_url":"https:\/\/nemoland.eu\/hu\/contact-us\/","og_site_name":"NemoLand","article_modified_time":"2022-06-12T08:33:00+00:00","twitter_card":"summary_large_image","twitter_site":"@NemoLand_NFT","twitter_misc":{"Becs\u00fclt olvas\u00e1si id\u0151":"1 perc"},"schema":{"@context":"https:\/\/schema.org","@graph":[{"@type":"WebPage","@id":"https:\/\/nemoland.eu\/contact-us\/","url":"https:\/\/nemoland.eu\/contact-us\/","name":"Contact Us - NemoLand","isPartOf":{"@id":"https:\/\/nemoland.eu\/#website"},"datePublished":"2018-10-22T04:05:04+00:00","dateModified":"2022-06-12T08:33:00+00:00","breadcrumb":{"@id":"https:\/\/nemoland.eu\/contact-us\/#breadcrumb"},"inLanguage":"hu","potentialAction":[{"@type":"ReadAction","target":["https:\/\/nemoland.eu\/contact-us\/"]}]},{"@type":"BreadcrumbList","@id":"https:\/\/nemoland.eu\/contact-us\/#breadcrumb","itemListElement":[{"@type":"ListItem","position":1,"name":"Home","item":"https:\/\/nemoland.eu\/"},{"@type":"ListItem","position":2,"name":"Contact Us"}]},{"@type":"WebSite","@id":"https:\/\/nemoland.eu\/#website","url":"https:\/\/nemoland.eu\/","name":"NemoLand","description":"Private Collections - NFT Gallery","publisher":{"@id":"https:\/\/nemoland.eu\/#organization"},"potentialAction":[{"@type":"SearchAction","target":{"@type":"EntryPoint","urlTemplate":"https:\/\/nemoland.eu\/?s={search_term_string}"},"query-input":{"@type":"PropertyValueSpecification","valueRequired":true,"valueName":"search_term_string"}}],"inLanguage":"hu"},{"@type":"Organization","@id":"https:\/\/nemoland.eu\/#organization","name":"NemoLand","url":"https:\/\/nemoland.eu\/","logo":{"@type":"ImageObject","inLanguage":"hu","@id":"https:\/\/nemoland.eu\/#\/schema\/logo\/image\/","url":"https:\/\/nemoland.eu\/wp-content\/uploads\/2021\/10\/Wordpress.png","contentUrl":"https:\/\/nemoland.eu\/wp-content\/uploads\/2021\/10\/Wordpress.png","width":512,"height":512,"caption":"NemoLand"},"image":{"@id":"https:\/\/nemoland.eu\/#\/schema\/logo\/image\/"},"sameAs":["https:\/\/x.com\/NemoLand_NFT"]}]}},"_links":{"self":[{"href":"https:\/\/nemoland.eu\/hu\/wp-json\/wp\/v2\/pages\/461","targetHints":{"allow":["GET"]}}],"collection":[{"href":"https:\/\/nemoland.eu\/hu\/wp-json\/wp\/v2\/pages"}],"about":[{"href":"https:\/\/nemoland.eu\/hu\/wp-json\/wp\/v2\/types\/page"}],"author":[{"embeddable":true,"href":"https:\/\/nemoland.eu\/hu\/wp-json\/wp\/v2\/users\/1"}],"replies":[{"embeddable":true,"href":"https:\/\/nemoland.eu\/hu\/wp-json\/wp\/v2\/comments?post=461"}],"version-history":[{"count":117,"href":"https:\/\/nemoland.eu\/hu\/wp-json\/wp\/v2\/pages\/461\/revisions"}],"predecessor-version":[{"id":5641,"href":"https:\/\/nemoland.eu\/hu\/wp-json\/wp\/v2\/pages\/461\/revisions\/5641"}],"wp:attachment":[{"href":"https:\/\/nemoland.eu\/hu\/wp-json\/wp\/v2\/media?parent=461"}],"curies":[{"name":"wp","href":"https:\/\/api.w.org\/{rel}","templated":true}]}}